{"id":15100,"date":"2024-01-19T11:26:51","date_gmt":"2024-01-19T11:26:51","guid":{"rendered":"https:\/\/tratnjek.si\/?post_type=product&#038;p=15100"},"modified":"2025-03-06T09:08:20","modified_gmt":"2025-03-06T08:08:20","slug":"toplotna-crpalka-ehs-mono-ht-r290-samsung-z-crpalko-16-kw","status":"publish","type":"product","link":"https:\/\/tratnjek.si\/de\/produkt\/warmepumpe-ehs-mono-ht-r290-samsung-mit-16-kw-pumpe\/","title":{"rendered":"W\u00e4rmepumpe EHS Mono HT R290 mit Samsung PUMP 16 kW"},"content":{"rendered":"<p>Die neue W\u00e4rmepumpe von Samsung <strong>EHS Mono HT R290<\/strong> verwendet umweltfreundliches K\u00e4ltemittel <strong>R290<\/strong> mit einem extrem niedrigen Treibhauspotenzial (GWP).<\/p>\n<p>Es ist in der Lage, Wasser bis zu <strong>75 \u00b0C<\/strong>, ideal f\u00fcr die Modernisierung oder den Austausch \u00e4lterer Heizungsanlagen. Fortschrittlicher W\u00e4rmetauscher mit <strong>39 % gr\u00f6\u00dfere W\u00e4rme\u00fcbertragungsfl\u00e4che<\/strong> gew\u00e4hrleistet einen zuverl\u00e4ssigen Betrieb auch bei sehr niedrigen Temperaturen bis zu <strong>-10 \u00b0C<\/strong>.<\/p>\n<p>Die W\u00e4rmepumpe ist mit integrierten Komponenten ausgestattet, die einen einfachen und effizienten Betrieb erm\u00f6glichen:<\/p>\n<ul>\n<li>Umw\u00e4lzpumpe<\/li>\n<li>Steuerelektronik<\/li>\n<li>Durchflusssensor<\/li>\n<li>Sicherheitsventil<\/li>\n<li>Wasserdrucksensor<\/li>\n<li>Durchflusssensor<\/li>\n<li>Gas-\/Wasserabscheider<\/li>\n<\/ul>\n<p>F\u00fcr zus\u00e4tzlichen Komfort enth\u00e4lt das Paket auch <strong>Wi-Fi-Modul<\/strong>, was eine einfache Fernsteuerung erm\u00f6glicht.<\/p>\n<p><strong>Modell der Au\u00dfeneinheit:<\/strong> AE120CXYBGK\/EU<\/p>","protected":false},"excerpt":{"rendered":"<p><strong>6 wichtige Vorteile der Samsung EHS Mono HT R290 W\u00e4rmepumpe:<\/strong><\/p>\n<ol>\n<li><strong>Extrem leiser Betrieb<\/strong> - nur <strong>35 dBA <\/strong>in einer Entfernung von 3 Metern.<\/li>\n<li><strong>Hohe Nennleistung<\/strong> bei niedrigen Temperaturen \u2013 bis zu <strong>-10 \u00b0C<\/strong> Au\u00dfentemperaturen.<\/li>\n<li>Aufheizen auf <strong>75 \u00b0C ohne Zusatzheizung<\/strong> \u2013 auch bei <strong>-10 \u00b0C<\/strong> Au\u00dfentemperaturen.<\/li>\n<li><strong>Leistung bei extremer K\u00e4lte<\/strong> - bei <strong>-25 \u00b0C<\/strong> Au\u00dfentemperaturen bis zu <strong>65 \u00b0C<\/strong> ohne den Einsatz zus\u00e4tzlicher Heizger\u00e4te.<\/li>\n<li><strong>Zuverl\u00e4ssiger Betrieb <\/strong>\u2013 bis hin zu <strong>-25 \u00b0C<\/strong> Au\u00dfentemperaturen.<\/li>\n<li><strong>Breites Leistungsspektrum<\/strong> \u2013 erh\u00e4ltlich in Versionen <strong>5, 8, 12 und 16 kW<\/strong>.<\/li>\n<\/ol>","protected":false},"featured_media":9667,"template":"","meta":{"_acf_changed":false},"product_cat":[63],"product_tag":[1071,1069,1045,1070],"class_list":{"0":"post-15100","1":"product","2":"type-product","3":"status-publish","4":"has-post-thumbnail","6":"product_cat-toplotne-crpalke","7":"product_tag-16-kw","8":"product_tag-delovni-plin-r290","9":"product_tag-tiho-delovanje-35dba","10":"product_tag-voda-do-75-c","12":"first","13":"instock","14":"sale","15":"taxable","16":"shipping-taxable","17":"purchasable","18":"product-type-simple"},"acf":[],"_links":{"self":[{"href":"https:\/\/tratnjek.si\/de\/wp-json\/wp\/v2\/product\/15100","targetHints":{"allow":["GET"]}}],"collection":[{"href":"https:\/\/tratnjek.si\/de\/wp-json\/wp\/v2\/product"}],"about":[{"href":"https:\/\/tratnjek.si\/de\/wp-json\/wp\/v2\/types\/product"}],"wp:featuredmedia":[{"embeddable":true,"href":"https:\/\/tratnjek.si\/de\/wp-json\/wp\/v2\/media\/9667"}],"wp:attachment":[{"href":"https:\/\/tratnjek.si\/de\/wp-json\/wp\/v2\/media?parent=15100"}],"wp:term":[{"taxonomy":"product_cat","embeddable":true,"href":"https:\/\/tratnjek.si\/de\/wp-json\/wp\/v2\/product_cat?post=15100"},{"taxonomy":"product_tag","embeddable":true,"href":"https:\/\/tratnjek.si\/de\/wp-json\/wp\/v2\/product_tag?post=15100"}],"curies":[{"name":"wp","href":"https:\/\/api.w.org\/{rel}","templated":true}]}}