{"id":15985,"date":"2024-02-29T07:57:18","date_gmt":"2024-02-29T07:57:18","guid":{"rendered":"https:\/\/tratnjek.si\/?post_type=product&#038;p=15985"},"modified":"2025-03-06T09:14:16","modified_gmt":"2025-03-06T08:14:16","slug":"hidro-enota-z-rezervoarjem-260l","status":"publish","type":"product","link":"https:\/\/tratnjek.si\/de\/produkt\/hydroanlage-mit-260l-tank\/","title":{"rendered":"Hydroeinheit mit 260L Tank"},"content":{"rendered":"<p>Samsung ClimateHub, eine W\u00e4rmepumpeneinheit f\u00fcr den Innenbereich, die eine hocheffiziente, hochwertige und schnelle Beheizung von Geb\u00e4uden (Fu\u00dfbodenheizung oder Heizk\u00f6rper) sowie die Warmwasserbereitung erm\u00f6glicht;<br \/>\nNEU: Verf\u00fcgt bereits \u00fcber eine integrierte WLAN-Schnittstelle<br \/>\nEs funktioniert in Kombination mit einer externen Monoblockeinheit;<br \/>\nIntegrierter Boiler mit einem Volumen von 260L;<br \/>\nDie im System verwendete Fu\u00dfbodenheizung gilt aufgrund der Breite der Strahlungsfl\u00e4che und der niedrigen zu erreichenden Temperatur als optimale Wahl zum Beheizen von R\u00e4umen. An das Hydraulikmodul k\u00f6nnen verschiedene Zubeh\u00f6rteile angeschlossen werden: Raumthermostat, Solarpanelpumpe, Backup-Boiler und 2-Wege-\/3-Wege-\/Mischventil. Die Au\u00dfenger\u00e4te zeichnen sich durch eine hohe Zuverl\u00e4ssigkeit und geringe Ger\u00e4uschentwicklung dank Inverterkompressor aus.<\/p>","protected":false},"excerpt":{"rendered":"<p><strong>Samsung AE260CNWMGG\/EU<\/strong><\/p>\n<p class=\"\"><strong>Innenger\u00e4t mit 260L Tank<\/strong><\/p>","protected":false},"featured_media":8741,"template":"","meta":{"_acf_changed":false},"product_cat":[63],"product_tag":[993],"class_list":{"0":"post-15985","1":"product","2":"type-product","3":"status-publish","4":"has-post-thumbnail","6":"product_cat-toplotne-crpalke","7":"product_tag-260l-rezrvoar","8":"pa_dimenzije-sxvxg-595-x-1800-x-700-mm","10":"first","11":"instock","12":"sale","13":"taxable","14":"shipping-taxable","15":"purchasable","16":"product-type-simple"},"acf":[],"_links":{"self":[{"href":"https:\/\/tratnjek.si\/de\/wp-json\/wp\/v2\/product\/15985","targetHints":{"allow":["GET"]}}],"collection":[{"href":"https:\/\/tratnjek.si\/de\/wp-json\/wp\/v2\/product"}],"about":[{"href":"https:\/\/tratnjek.si\/de\/wp-json\/wp\/v2\/types\/product"}],"wp:featuredmedia":[{"embeddable":true,"href":"https:\/\/tratnjek.si\/de\/wp-json\/wp\/v2\/media\/8741"}],"wp:attachment":[{"href":"https:\/\/tratnjek.si\/de\/wp-json\/wp\/v2\/media?parent=15985"}],"wp:term":[{"taxonomy":"product_cat","embeddable":true,"href":"https:\/\/tratnjek.si\/de\/wp-json\/wp\/v2\/product_cat?post=15985"},{"taxonomy":"product_tag","embeddable":true,"href":"https:\/\/tratnjek.si\/de\/wp-json\/wp\/v2\/product_tag?post=15985"}],"curies":[{"name":"wp","href":"https:\/\/api.w.org\/{rel}","templated":true}]}}