{"id":25816,"date":"2025-03-03T12:58:28","date_gmt":"2025-03-03T11:58:28","guid":{"rendered":"https:\/\/tratnjek.si\/izdelek\/klimatska-naprava-samsung-cebu-20-kw-s2\/"},"modified":"2025-03-03T15:00:37","modified_gmt":"2025-03-03T14:00:37","slug":"klimatska-naprava-samsung-cebu-20-kw-s2","status":"publish","type":"product","link":"https:\/\/tratnjek.si\/de\/produkt\/klimaanlage-samsung-cebu-20-kw-s2\/","title":{"rendered":"Samsung Cebu 2.0KW S2 Klimaanlage"},"content":{"rendered":"<p>Entdecken Sie au\u00dfergew\u00f6hnlichen Komfort mit der Samsung CEBU Klimaanlage<br \/>\nSie werden nicht glauben, wie leise es ist!<br \/>\nStellen Sie sich eine perfekte K\u00fchlung ohne st\u00f6renden L\u00e4rm vor. Die Klimaanlage Samsung CEBU arbeitet mit 19 dBA, was leiser als ein Fl\u00fcstern ist. Egal ob Sie arbeiten, schlafen oder ruhen, der Raum wird immer angenehm gek\u00fchlt \u2013 ohne st\u00f6rende Ger\u00e4usche.<\/p>\n<p>Intelligente Technologie, die die K\u00fchlung an Ihre Bed\u00fcrfnisse anpasst<br \/>\nDank WLAN-Konnektivit\u00e4t und SmartThings-App k\u00f6nnen Sie die Temperatur von \u00fcberall aus regeln \u2013 sogar bevor Sie nach Hause kommen. Sprachassistenten wie Bixby, Google Assistant und Alexa erm\u00f6glichen die Steuerung mit nur einem Befehl. Das Ger\u00e4t analysiert sogar Ihre Gewohnheiten und passt die Einstellungen automatisch an, was optimalen Komfort bei geringstem Energieverbrauch bedeutet.<\/p>\n<p>Bis zu 30 % Energieeinsparungen<br \/>\nDas Samsung CEBU Klimager\u00e4t geh\u00f6rt zur Energieeffizienzklasse A++ im K\u00fchlen und A+ im Heizen, was eine au\u00dfergew\u00f6hnliche Sparsamkeit gew\u00e4hrleistet. Der Twin Rotary-Kompressor sorgt f\u00fcr 20-mal weniger Vibrationen und eine 15-mal schnellere K\u00fchlung bei gleichzeitigem R\u00fcckgang des Stromverbrauchs. Im Vergleich zu herk\u00f6mmlichen Modellen k\u00f6nnen mit dieser fortschrittlichen Technologie bis zu 30 % Energie pro Jahr eingespart werden.<\/p>\n<p>Immer frische und saubere Luft \u2013 ohne Aufwand<br \/>\nDank Easy Filter+ filtert das Ger\u00e4t effektiv Staub, Allergene und Bakterien und sorgt so f\u00fcr frische und gesunde Luft. Der Filter befindet sich auf der Oberseite des Ger\u00e4tes und l\u00e4sst sich somit schnell entnehmen und problemlos reinigen, ohne dass zus\u00e4tzlicher Wartungsaufwand entsteht.<\/p>\n<p>Umweltfreundliche K\u00fchlung mit K\u00e4ltemittel R32<br \/>\nDie Samsung CEBU-Klimaanlage verwendet das K\u00e4ltemittel R32, das die Umweltbelastung im Vergleich zu \u00e4lteren Gasen um 68 % reduziert und gleichzeitig die K\u00fchleffizienz verbessert. Dies bedeutet einen geringeren CO2-Fu\u00dfabdruck und mehr Nachhaltigkeit.<\/p>\n<p>Schnelle und einfache Installation<br \/>\nDas Ger\u00e4tedesign erm\u00f6glicht eine um bis zu 25 % schnellere Installation im Vergleich zu Vorg\u00e4ngermodellen, was geringere Kosten und mehr Komfort direkt nach der Installation bedeutet.<\/p>\n<p>\u2705 Samsung CEBU Klimaanlage \u2013 bis zu 30 % Energieeinsparung, bis zu 68 % geringere Umweltbelastung und leiser Betrieb ab 19 dBA.<\/p>","protected":false},"excerpt":{"rendered":"<p>Bis zu 30 % Energieeinsparung, bis zu 68 % geringere Umweltbelastung und leiser Betrieb ab 19 dBA.<br \/>\n-WLAN-Konnektivit\u00e4t und Sprachsteuerung \u00fcber SmartThings, Bixby, Google Assistant und Alexa.<br \/>\n-Hohe Energieeffizienz \u2013 A++ beim K\u00fchlen, A+ beim Heizen f\u00fcr geringeren Energieverbrauch.<br \/>\n-Doppel-Rotationskompressor \u2013 schnellere K\u00fchlung, weniger Vibration und l\u00e4ngere Lebensdauer.<br \/>\n-Easy Filter+ \u2013 einfache Reinigung f\u00fcr ges\u00fcndere und frischere Luft.<br \/>\n-Umweltfreundliches K\u00e4ltemittel R32 \u2013 geringere Umweltbelastung, bessere Effizienz.<br \/>\n-25 % Schnellere Installation \u2013 weniger Schrauben, leichtere und kompaktere Au\u00dfeneinheiten.<\/p>","protected":false},"featured_media":25784,"template":"","meta":{"_acf_changed":false},"product_cat":[62,65,103,66,104],"product_tag":[],"class_list":{"0":"post-25816","1":"product","2":"type-product","3":"status-publish","4":"has-post-thumbnail","6":"product_cat-klimatske-naprave","7":"product_cat-klimatske-naprave-za-stanovanje","8":"product_cat-rac-enojcki-stenske","9":"product_cat-klimatske-naprave-za-poslovne-prostore","10":"product_cat-rac-enojcki-2","11":"pa_dimenzije-notranje-enote-820-x-299-x-215-mm","12":"pa_dimenzije-zunanje-enote-710-x-540-x-220-mm","13":"pa_easy-filter-plus-da","14":"pa_en-ucinkovitosti-gretje-a-4","15":"pa_en-ucinkovitosti-hlajenje-a-2","16":"pa_glasovno-upravljanje-da","17":"pa_grelna-moc-220-kw","18":"pa_hladilna-moc-200-kw","19":"pa_kol-hlad-sred-predpolnjenje-700-g","20":"pa_kol-hladilnega-sredstva-700-g","21":"pa_raven-hrupa-max-pwl-45-db","22":"pa_raven-hrupa-min-max-spl-19-37-db-a","23":"pa_sistem-samostojne-diagnoze-da","24":"pa_tehnologija-windfree-ne","25":"pa_teza-notranje-enote-91-kg","26":"pa_teza-zunanje-enote-2400-kg","27":"pa_tri-care-filter-ne","28":"pa_visinska-razlika-8-m","29":"pa_wi-fi-povezljivost-da","31":"first","32":"instock","33":"product-type-simple"},"acf":[],"_links":{"self":[{"href":"https:\/\/tratnjek.si\/de\/wp-json\/wp\/v2\/product\/25816","targetHints":{"allow":["GET"]}}],"collection":[{"href":"https:\/\/tratnjek.si\/de\/wp-json\/wp\/v2\/product"}],"about":[{"href":"https:\/\/tratnjek.si\/de\/wp-json\/wp\/v2\/types\/product"}],"wp:featuredmedia":[{"embeddable":true,"href":"https:\/\/tratnjek.si\/de\/wp-json\/wp\/v2\/media\/25784"}],"wp:attachment":[{"href":"https:\/\/tratnjek.si\/de\/wp-json\/wp\/v2\/media?parent=25816"}],"wp:term":[{"taxonomy":"product_cat","embeddable":true,"href":"https:\/\/tratnjek.si\/de\/wp-json\/wp\/v2\/product_cat?post=25816"},{"taxonomy":"product_tag","embeddable":true,"href":"https:\/\/tratnjek.si\/de\/wp-json\/wp\/v2\/product_tag?post=25816"}],"curies":[{"name":"wp","href":"https:\/\/api.w.org\/{rel}","templated":true}]}}