{"id":25841,"date":"2025-03-03T13:57:46","date_gmt":"2025-03-03T12:57:46","guid":{"rendered":"https:\/\/tratnjek.si\/izdelek\/klimatska-naprava-samsung-windfree-avant-43-kw-s2\/"},"modified":"2025-03-03T14:59:01","modified_gmt":"2025-03-03T13:59:01","slug":"klimatska-naprava-samsung-windfree-avant-43-kw-s2","status":"publish","type":"product","link":"https:\/\/tratnjek.si\/de\/produkt\/klimaanlage-samsung-windfree-avant-43-kw-s2\/","title":{"rendered":"Klimaanlage Samsung WindFree Avant 4,3 KW S2"},"content":{"rendered":"<p>Samsung WindFree\u2122 Avant \u2013 Die beste Wahl f\u00fcr eine k\u00fchle und ruhige Umgebung mit fortschrittlicher Technologie<\/p>\n<p>Machen Sie sich bereit f\u00fcr perfekte K\u00fchlung ohne direkten Wind, mit noch h\u00f6herer Energieeffizienz und leiserem Betrieb.<\/p>\n<p>Samsung WindFree\u2122 Avant bietet \u00fcberlegene K\u00fchlung, die Sie mit seiner extrem leisen und effizienten Technologie beeindrucken wird. Mit erweiterten Funktionen wie der WindFree\u2122-Technologie, AI Smart Cooling, Freeze Wash und der neuen Solar Cell-Fernbedienung bleibt Ihre Wohnumgebung immer komfortabel und angenehm, ohne unn\u00f6tigen L\u00e4rm oder Temperaturschwankungen.<\/p>\n<p>Warum sollten Sie sich f\u00fcr Samsung WindFree\u2122 Avant entscheiden?<\/p>\n<p>Samsung WindFree\u2122 Avant bietet Ihnen bis zu 30 % mehr Energieeffizienz beim K\u00fchlen und Heizen. Das Ger\u00e4t verwendet das umweltfreundliche K\u00e4ltemittel R32, das zu einer besseren Energieeffizienz und geringeren Umweltbelastung beitr\u00e4gt. Der Digital Inverter Boost-Kompressor erm\u00f6glicht eine schnellere K\u00fchlung bei geringerem Energieverbrauch, w\u00e4hrend die WindFree\u2122-Technologie eine gleichm\u00e4\u00dfige K\u00fchlung ohne direkten Wind gew\u00e4hrleistet, ideal f\u00fcr langanhaltenden Komfort.<\/p>\n<p>Fortschrittliches WindFree\u2122-System f\u00fcr windfreie K\u00fchlung<\/p>\n<p>Samsung WindFree\u2122 Avant verwendet eine Technologie, die f\u00fcr K\u00fchlung ohne das unangenehme Windgef\u00fchl sorgt. Durch 27.000 mikroskopisch kleine \u00d6ffnungen wird die Luft gleichm\u00e4\u00dfig im Raum verteilt und sorgt so f\u00fcr eine angenehme K\u00fchlung, ohne dass Sie das Gef\u00fchl haben, als w\u00fcrde Ihnen kalte Luft direkt in den Raum blasen. So genie\u00dfen Sie stets die optimale Temperatur, ohne unangenehme Zugluft.<\/p>\n<p>Smarte K\u00fchlung mit KI-Funktionalit\u00e4t<\/p>\n<p>Die KI-Technologie analysiert die Bedingungen im Innen- und Au\u00dfenbereich sowie Ihre pers\u00f6nlichen Vorlieben, um die K\u00fchlung automatisch f\u00fcr maximalen Komfort und Energieeffizienz anzupassen. Dadurch arbeitet das Ger\u00e4t immer bedarfsgerecht und erm\u00f6glicht so einen bis zu 30 % geringeren Energieverbrauch.<\/p>\n<p>Gesunde und saubere Luft durch Innovationen<\/p>\n<p>Samsung WindFree\u2122 Avant verf\u00fcgt \u00fcber eine Gefrierwaschfunktion, die bis zu 90 % der Bakterien wie Staphylococcus aureus und Escherichia coli aus W\u00e4rmetauschern entfernt und so einen hygienischen Betrieb des Ger\u00e4ts ohne professionelle Wartung gew\u00e4hrleistet. Der Tri-Care-Filter verbessert die Luftqualit\u00e4t zus\u00e4tzlich und entfernt Staub und Schadstoffe, weshalb er eine gute Wahl f\u00fcr Allergiker ist.<\/p>\n<p>Leiser Betrieb bei 25 dBA<\/p>\n<p>Die Klimaanlage Samsung WindFree\u2122 Avant arbeitet mit nur 25 dBA extrem leise, sodass sie weder Ihre Ruhe noch Ihre Arbeit st\u00f6rt. Egal, ob Sie bequem schlafen oder arbeiten m\u00f6chten, Sie genie\u00dfen stets eine friedliche und ruhige Umgebung.<\/p>\n<p>Neue Funktionalit\u00e4ten f\u00fcr einfacheres Management und mehr Nachhaltigkeit<\/p>\n<p>Die neue Solar Cell-Fernbedienung ist 25 % leichter und 53 % d\u00fcnner als Vorg\u00e4ngermodelle und erm\u00f6glicht ein einfaches Aufladen per Sonnenlicht oder USB-C. Mit einer verbesserten Au\u00dfeneinheit, die d\u00fcnner und kompakter ist, ist die Klimaanlage auf h\u00f6here Energieeffizienz und einen gr\u00f6\u00dferen \u00f6kologischen Beitrag ausgelegt.<\/p>\n<p>Samsung WindFree\u2122 Avant erm\u00f6glicht Ihnen:<\/p>\n<p>-30 % mehr Energieeffizienz beim K\u00fchlen und Heizen.<br \/>\n-19 dBA leiser Betrieb f\u00fcr umfassenden Komfort.<br \/>\n-90 % Bakterienentfernung mit Gefrierwaschfunktion.<br \/>\n-30 % geringerer Energieverbrauch mit der Dry Comfort-Funktion.<br \/>\n- Intelligente KI-K\u00fchlung, die die Temperatur Ihren W\u00fcnschen entsprechend anpasst.<br \/>\n- Einfache Sprachsteuerung und WLAN-Konnektivit\u00e4t f\u00fcr absoluten Komfort.<br \/>\n-Solarzellen-Fernbedienung, die leichter, d\u00fcnner und nachhaltiger ist.<\/p>\n<p>Die Samsung WindFree\u2122 Avant Klimaanlage ist die richtige Wahl f\u00fcr alle, die ein fortschrittliches und energieeffizientes K\u00fchlsystem mit innovativen Funktionen wie WindFree\u2122-K\u00fchlung, Freeze Wash, AI Smart Cooling und Solarzellen-Fernbedienung suchen. Dieses Ger\u00e4t wurde entwickelt, um in Ihrem Zuhause eine ruhige, komfortable und gesunde Umgebung zu schaffen und ist die perfekte L\u00f6sung f\u00fcr jeden modernen Haushalt. Probieren Sie Samsung WindFree\u2122 Avant noch heute aus und erleben Sie \u00fcberlegene K\u00fchlung ohne Kompromisse!<\/p>","protected":false},"excerpt":{"rendered":"<p>Bis zu 30 % energieeffizienter, extrem leise ab 25 dBA und entfernt 90 % Bakterien mit der Freeze Wash-Funktion.<\/p>\n<p>Hauptvorteile:<\/p>\n<p>KI-Smart-Cooling f\u00fcr optimalen Komfort und Energieeffizienz<br \/>\nDry Comfort f\u00fcr Entfeuchtung ohne K\u00e4ltegef\u00fchl und bis zu 30% Energieersparnis<br \/>\nTri-Care-Filter f\u00fcr sauberere und ges\u00fcndere Raumluft<br \/>\nSolarzellen-Fernbedienung: 53 % d\u00fcnner und 25 % leichter, Aufladen \u00fcber Sonnenlicht oder USB-C<br \/>\nWiFi-Konnektivit\u00e4t und Sprachsteuerung f\u00fcr eine einfache Einrichtung<br \/>\nGefrierwaschfunktion zum Entfernen von bis zu 90 % der Bakterien<\/p>","protected":false},"featured_media":25779,"template":"","meta":{"_acf_changed":false},"product_cat":[62,65,103,66,104],"product_tag":[],"class_list":{"0":"post-25841","1":"product","2":"type-product","3":"status-publish","4":"has-post-thumbnail","6":"product_cat-klimatske-naprave","7":"product_cat-klimatske-naprave-za-stanovanje","8":"product_cat-rac-enojcki-stenske","9":"product_cat-klimatske-naprave-za-poslovne-prostore","10":"product_cat-rac-enojcki-2","11":"pa_dimenzije-notranje-enote-889-x-299-x-215-mm","12":"pa_dimenzije-zunanje-enote-790-x-548-x-285-mm","13":"pa_easy-filter-plus-da","14":"pa_en-ucinkovitosti-gretje-a-4","15":"pa_en-ucinkovitosti-hlajenje-a-2","16":"pa_glasovno-upravljanje-da","17":"pa_grelna-moc-470-kw","18":"pa_hladilna-moc-430-kw","19":"pa_kol-hlad-sred-predpolnjenje-950-g","20":"pa_kol-hladilnega-sredstva-950-g","21":"pa_raven-hrupa-max-pwl-48-db","22":"pa_raven-hrupa-min-max-spl-25-41-db","23":"pa_sistem-samostojne-diagnoze-da","24":"pa_tehnologija-windfree-da","25":"pa_teza-notranje-enote-99-kg","26":"pa_teza-zunanje-enote-3070-kg","27":"pa_tri-care-filter-da","28":"pa_visinska-razlika-8-m","29":"pa_wi-fi-povezljivost-da","31":"first","32":"instock","33":"product-type-simple"},"acf":[],"_links":{"self":[{"href":"https:\/\/tratnjek.si\/de\/wp-json\/wp\/v2\/product\/25841","targetHints":{"allow":["GET"]}}],"collection":[{"href":"https:\/\/tratnjek.si\/de\/wp-json\/wp\/v2\/product"}],"about":[{"href":"https:\/\/tratnjek.si\/de\/wp-json\/wp\/v2\/types\/product"}],"wp:featuredmedia":[{"embeddable":true,"href":"https:\/\/tratnjek.si\/de\/wp-json\/wp\/v2\/media\/25779"}],"wp:attachment":[{"href":"https:\/\/tratnjek.si\/de\/wp-json\/wp\/v2\/media?parent=25841"}],"wp:term":[{"taxonomy":"product_cat","embeddable":true,"href":"https:\/\/tratnjek.si\/de\/wp-json\/wp\/v2\/product_cat?post=25841"},{"taxonomy":"product_tag","embeddable":true,"href":"https:\/\/tratnjek.si\/de\/wp-json\/wp\/v2\/product_tag?post=25841"}],"curies":[{"name":"wp","href":"https:\/\/api.w.org\/{rel}","templated":true}]}}