{"id":7238,"date":"2022-08-02T10:18:12","date_gmt":"2022-08-02T10:18:12","guid":{"rendered":"https:\/\/tratnjek.si\/?post_type=product&#038;p=7238"},"modified":"2025-05-21T08:35:13","modified_gmt":"2025-05-21T06:35:13","slug":"zunanja-enota-samsung-3","status":"publish","type":"product","link":"https:\/\/tratnjek.si\/de\/produkt\/ausengerat-samsung-3\/","title":{"rendered":"Samsung Multi 5,2 kW Au\u00dfenger\u00e4t"},"content":{"rendered":"","protected":false},"excerpt":{"rendered":"<p><strong>Samsung AJ052TXJ3KG\/EU\u00a0<\/strong><\/p>\n<p class=\"feature-benefit__title\"><strong>Das Samsung Free Joint Multi-System besteht aus einer Au\u00dfeneinheit, an die je nach gew\u00fcnschter Kapazit\u00e4t bis zu 5 Inneneinheiten angeschlossen werden k\u00f6nnen.<\/strong><br \/>\n\u2013 Maximale Anzahl Innenger\u00e4te: 3<\/p>\n<p>\u2013 Kompressor mit Boost Digital Inverter Technologie<\/p>\n<p>\u2013 Ausgestattet mit NASA-Kommunikationsprotokoll<\/p>\n<p>\u2013 Direkt angetriebener L\u00fcfter mit BLDC-Motor<\/p>\n<p>\u2013 Dreifachschutz Protector Plus zum Schutz von Kompressor, Router und Controller vor Spannungsspitzen<\/p>","protected":false},"featured_media":15208,"template":"","meta":{"_acf_changed":false},"product_cat":[62,65,213,66,105,67,106],"product_tag":[966,967],"class_list":{"0":"post-7238","1":"product","2":"type-product","3":"status-publish","4":"has-post-thumbnail","6":"product_cat-klimatske-naprave","7":"product_cat-klimatske-naprave-za-stanovanje","8":"product_cat-fjm-multi-sistemi-samsung","9":"product_cat-klimatske-naprave-za-poslovne-prostore","10":"product_cat-fjm-multi-sistemi","11":"product_cat-industrijske-klimatske-naprave-samsung","12":"product_cat-fjm-multi-sistemi-2","13":"product_tag-5-20-kw","14":"product_tag-max-3-notranje-enote","15":"pa_celotna-dolzina-cevovoda-50-m","16":"pa_dimenzije-sxvxg-880x638x310-mm","17":"pa_en-ucinkovitosti-gretje-407","18":"pa_en-ucinkovitosti-hlajenje-423","19":"pa_grelna-moc-630-kw","20":"pa_hladilna-moc-520-kw","21":"pa_jakost-zvoka-61-db-a","22":"pa_moc-ventilatorja-125-w","23":"pa_najvecja-visina-id-id-75-m","24":"pa_najvecja-visina-od-id-15-m","25":"pa_nazivna-moc-hlajenja-gretja-52-kw","26":"pa_neto-masa-445-kg","27":"pa_plinska-cev-3-8-x-2-1-2","28":"pa_tekocinska-cev-1-4-x-3","29":"pa_tovarnisko-polnjenje-155-kg","30":"pa_zvocni-tlak-hlajenje-46-db-a","31":"pa_zvocni-tlak-ogrevanje-48-db-a","33":"first","34":"instock","35":"sale","36":"taxable","37":"shipping-taxable","38":"purchasable","39":"product-type-simple"},"acf":[],"_links":{"self":[{"href":"https:\/\/tratnjek.si\/de\/wp-json\/wp\/v2\/product\/7238","targetHints":{"allow":["GET"]}}],"collection":[{"href":"https:\/\/tratnjek.si\/de\/wp-json\/wp\/v2\/product"}],"about":[{"href":"https:\/\/tratnjek.si\/de\/wp-json\/wp\/v2\/types\/product"}],"wp:featuredmedia":[{"embeddable":true,"href":"https:\/\/tratnjek.si\/de\/wp-json\/wp\/v2\/media\/15208"}],"wp:attachment":[{"href":"https:\/\/tratnjek.si\/de\/wp-json\/wp\/v2\/media?parent=7238"}],"wp:term":[{"taxonomy":"product_cat","embeddable":true,"href":"https:\/\/tratnjek.si\/de\/wp-json\/wp\/v2\/product_cat?post=7238"},{"taxonomy":"product_tag","embeddable":true,"href":"https:\/\/tratnjek.si\/de\/wp-json\/wp\/v2\/product_tag?post=7238"}],"curies":[{"name":"wp","href":"https:\/\/api.w.org\/{rel}","templated":true}]}}