{"id":7260,"date":"2022-08-02T10:18:25","date_gmt":"2022-08-02T10:18:25","guid":{"rendered":"https:\/\/tratnjek.si\/?post_type=product&#038;p=7260"},"modified":"2025-05-21T08:35:16","modified_gmt":"2025-05-21T06:35:16","slug":"notranja-enota-samsung-luzon-650-kw","status":"publish","type":"product","link":"https:\/\/tratnjek.si\/de\/produkt\/innengerat-samsung-luzon-650-kw\/","title":{"rendered":"Samsung Luzon 6,50 kW Innenger\u00e4t"},"content":{"rendered":"<h1>3 Vorteile der Samsung Luzon Klimaanlage:<\/h1>\n<p>\u2022 Die Auto Clean-Funktion startet den L\u00fcfter automatisch, um <strong>entfernt Staub und Feuchtigkeit<\/strong> im W\u00e4rmetauscher.<br \/>\n\u2022 Easy Filter Plus befindet sich au\u00dfen oben, so dass er <strong>leicht zu entfernen und zu reinigen<\/strong>.<br \/>\n\u2022 Kompatibilit\u00e4t mit der Multisplit-Linie.<\/p>\n<p>&nbsp;<\/p>\n<h1>Easy Filter Plus<\/h1>\n<p>Extradichter Maschenfilter, der den Verdampfer sauber h\u00e4lt <strong>reinigen und Staub entfernen<\/strong>. Dar\u00fcber hinaus l\u00e4sst es sich auch leicht entfernen und reinigen.<\/p>\n<p>Getestet auf MS2-Virus ATCC 15597-B1 und Staphyloccus aureus ATCC 6538 und Klebsiella pneumoniae ATCC 4352. Tests durchgef\u00fchrt von <strong>Intertek<\/strong> basierend auf kontinuierlichen Luftstromtests mit dem WindFree-Modell von Samsung (Protokoll KS K 0693:2016 unter Verwendung des MS2-Virusbakteriophagen ATCC 15597-B1 und des E. coli-Stamms C3000 ATCC15597) oder basierend auf dem Testen einer Probe aus einem Tri-Care-Filter (von Samsung festgelegte Testkriterien f\u00fcr S. aureus ATCC 6538 und K. pneumoniae ATCC 4352). Testen <strong>antivirale und antibakterielle Wirkung<\/strong> durchgef\u00fchrt von Intertek in Korea (2020). Die Angaben beziehen sich auf die getesteten <strong>Viren, Bakterien und Allergene,<\/strong> Sie werden unter bestimmten Testbedingungen ermittelt und k\u00f6nnen je nach Umgebungs- und tats\u00e4chlichen Nutzungsfaktoren variieren. Der Antiallergietest wurde von ITEA in Japan (2019) durchgef\u00fchrt. Tests zur Reduzierung von Feinstaubpartikeln wurden von Kitech in Korea durchgef\u00fchrt (2019).<\/p>\n<blockquote><p><strong>F\u00dcR INSTALLATEURE:<\/strong> Der Easy Filter Plus ist fester Bestandteil der Modelle WindFreeTM Pure 1.0, WindFree Deluxe, WindFreeTM Elite, WindFreeTM Avant und Cebu.<\/p><\/blockquote>\n<p>Die Klimaanlage Samsung Luzon bietet au\u00dferdem:<\/p>\n<p>\u2022 Kompressor mit Boost-Digital-Inverter-Technologie.<\/p>\n<p>\u2022 Ausgestattet mit NASA-Kommunikationsprotokoll.<\/p>\n<p>\u2022 Direkt angetriebener L\u00fcfter mit BLDC-Motor.<\/p>\n<p>\u2022 Dreifachschutz Protector Plus zum Schutz von Kompressor, Router und Controller vor Spannungsspitzen.<\/p>\n<p>\u2022 Kompatibel mit kabelgebundener Fernbedienung. Die zentrale Steuerung ist nur mit Au\u00dfenger\u00e4ten gr\u00f6\u00dferer Kapazit\u00e4t kompatibel.<\/p>","protected":false},"excerpt":{"rendered":"<p><strong>Samsung AR24TXHZAWKN\/EU<\/strong><\/p>\n<p class=\"feature-benefit__title\"><b>Wir stellen Ihnen die Mehrsystem-Klimaanlage von Samsung vor, mit der Sie bis zu 5 Innenger\u00e4te zu einem Au\u00dfenger\u00e4t hinzuf\u00fcgen k\u00f6nnen, beispielsweise dem Samsung Luzon.<\/b><\/p>\n<h1>Welche weiteren Vorteile bietet die Luzon-Klimaanlage?<\/h1>\n<ul>\n<li><strong>Die Auto Clean-Funktion startet den L\u00fcfter automatisch, um Staub und Feuchtigkeit im W\u00e4rmetauscher zu entfernen.<br \/>\n<\/strong><\/li>\n<li>Ausgestattet mit NASA-Kommunikationsprotokoll.<\/li>\n<li>K\u00fchl- und Heizoptionen.<\/li>\n<li>Energieeffizienzklasse A++ f\u00fcr K\u00fchlen\/A+ f\u00fcr Heizen.<\/li>\n<li>Leiser Betriebsmodus (ab 19 dBA).<\/li>\n<li>Einfacher Filter +.<\/li>\n<li>Einfache Installation und Wartung.<\/li>\n<\/ul>","protected":false},"featured_media":8638,"template":"","meta":{"_acf_changed":false},"product_cat":[62,65,213,66,105,67,106],"product_tag":[976,958],"class_list":{"0":"post-7260","1":"product","2":"type-product","3":"status-publish","4":"has-post-thumbnail","6":"product_cat-klimatske-naprave","7":"product_cat-klimatske-naprave-za-stanovanje","8":"product_cat-fjm-multi-sistemi-samsung","9":"product_cat-klimatske-naprave-za-poslovne-prostore","10":"product_cat-fjm-multi-sistemi","11":"product_cat-industrijske-klimatske-naprave-samsung","12":"product_cat-fjm-multi-sistemi-2","13":"product_tag-6-50-kw","14":"product_tag-tiho-delovanje-16-dba","15":"pa_al-auto-comfort-prek-wi-fi-ne","16":"pa_dimenzije-sxvxg-1-055x299x215-mm","17":"pa_grelna-moc-740-kw","18":"pa_hitro-hlajenje-da","19":"pa_hladilna-moc-650-kw","20":"pa_jakost-zvoka-hlajenje-62-db-a","21":"pa_masa-122-kg","22":"pa_plinska-cev-5-8","23":"pa_samodejni-ponovni-zagon-da","24":"pa_tekocinska-cev-1-4","25":"pa_zvocni-tlak-h-l-45-26-db-a","27":"first","28":"instock","29":"sale","30":"taxable","31":"shipping-taxable","32":"purchasable","33":"product-type-simple"},"acf":[],"_links":{"self":[{"href":"https:\/\/tratnjek.si\/de\/wp-json\/wp\/v2\/product\/7260","targetHints":{"allow":["GET"]}}],"collection":[{"href":"https:\/\/tratnjek.si\/de\/wp-json\/wp\/v2\/product"}],"about":[{"href":"https:\/\/tratnjek.si\/de\/wp-json\/wp\/v2\/types\/product"}],"wp:featuredmedia":[{"embeddable":true,"href":"https:\/\/tratnjek.si\/de\/wp-json\/wp\/v2\/media\/8638"}],"wp:attachment":[{"href":"https:\/\/tratnjek.si\/de\/wp-json\/wp\/v2\/media?parent=7260"}],"wp:term":[{"taxonomy":"product_cat","embeddable":true,"href":"https:\/\/tratnjek.si\/de\/wp-json\/wp\/v2\/product_cat?post=7260"},{"taxonomy":"product_tag","embeddable":true,"href":"https:\/\/tratnjek.si\/de\/wp-json\/wp\/v2\/product_tag?post=7260"}],"curies":[{"name":"wp","href":"https:\/\/api.w.org\/{rel}","templated":true}]}}