{"id":7280,"date":"2022-08-02T10:18:33","date_gmt":"2022-08-02T10:18:33","guid":{"rendered":"https:\/\/tratnjek.si\/izdelek\/notranja-enota-samsung-windfree-elite-200-kw"},"modified":"2025-05-21T08:35:17","modified_gmt":"2025-05-21T06:35:17","slug":"notranja-enota-samsung-windfree-elite-200-kw","status":"publish","type":"product","link":"https:\/\/tratnjek.si\/de\/produkt\/innengerat-samsung-windfree-elite-200-kw\/","title":{"rendered":"Samsung WindFree\u2122 Elite 2,00 kW Innenger\u00e4t"},"content":{"rendered":"<p>WindFree\u2122 h\u00e4lt im K\u00fchlmodus den Raum angenehm k\u00fchl. Es k\u00fchlt, indem es die Luft sanft und leise durch 23.000 mikroskopisch kleine \u00d6ffnungen verteilt, sodass die Bewohner nie das Gef\u00fchl eines unangenehm kalten Luftzugs auf der Haut haben. Durch diese K\u00fchlung entsteht eine windstille Umgebung mit sehr geringer Luftstr\u00f6mungsgeschwindigkeit und geringer Ger\u00e4uschentwicklung. Eine verbesserte Luftzirkulation erm\u00f6glicht zudem eine noch gleichm\u00e4\u00dfigere K\u00fchlung<br \/>\nbreiterer und gr\u00f6\u00dferer Raum. Es verbraucht bis zu 77 % weniger Energie als der Schnellk\u00fchlmodus3, sodass die Bewohner zu geringen Kosten eine angenehme K\u00fchle genie\u00dfen k\u00f6nnen.<\/p>","protected":false},"excerpt":{"rendered":"<p><strong>Samsung AR07TXCAAWKN\/EU<\/strong><\/p>\n<p>Die Samsung WindFree\u2122 Elite 2,00 kW Klimaanlage kann k\u00fchlen oder heizen.<\/p>\n<p class=\"\"><strong>Es arbeitet mit einer dreistufigen K\u00fchlung: Schnellk\u00fchlmodus, Entfeuchtungsmodus und windstiller K\u00fchlmodus (WindFree\u2122).<br \/>\n<\/strong><\/p>\n<p>7 Vorteile einer Klimaanlage:<\/p>\n<p class=\"\">\u2013 WLAN-Steuerung mit Samsung SmartThings und Bixby-Sprachsteuerung<\/p>\n<p class=\"\">\u2013 Tri-Care-Filter<\/p>\n<p>\u2013 Easy Plus Filter<\/p>\n<p>\u2013 Ausgestattet mit NASA-Kommunikationsprotokoll<\/p>\n<p>\u2013 Einfache Installation und Wartung<\/p>\n<p>\u2013 Dreifachschutz Protector Plus zum Schutz von Kompressor, Router und Controller vor Spannungsspitzen<\/p>\n<p>\u2013 Leiser Betrieb bis zu 16 dBa<\/p>","protected":false},"featured_media":8633,"template":"","meta":{"_acf_changed":false},"product_cat":[62,65,213,66,105,67,106],"product_tag":[973,958],"class_list":{"0":"post-7280","1":"product","2":"type-product","3":"status-publish","4":"has-post-thumbnail","6":"product_cat-klimatske-naprave","7":"product_cat-klimatske-naprave-za-stanovanje","8":"product_cat-fjm-multi-sistemi-samsung","9":"product_cat-klimatske-naprave-za-poslovne-prostore","10":"product_cat-fjm-multi-sistemi","11":"product_cat-industrijske-klimatske-naprave-samsung","12":"product_cat-fjm-multi-sistemi-2","13":"product_tag-2-00-kw","14":"product_tag-tiho-delovanje-16-dba","15":"pa_al-auto-comfort-prek-wi-fi-da","16":"pa_dimenzije-sxvxg-889x299x215-mm","17":"pa_grelna-moc-250-kw","18":"pa_hitro-hlajenje-da","19":"pa_hladilna-moc-200-kw","20":"pa_jakost-zvoka-hlajenje-56-db-a","21":"pa_masa-103-kg","22":"pa_plinska-cev-3-8","23":"pa_samodejni-ponovni-zagon-da","24":"pa_tekocinska-cev-1-4","25":"pa_zvocni-tlak-h-l-37-19-db-a","27":"first","28":"instock","29":"sale","30":"taxable","31":"shipping-taxable","32":"purchasable","33":"product-type-simple"},"acf":[],"_links":{"self":[{"href":"https:\/\/tratnjek.si\/de\/wp-json\/wp\/v2\/product\/7280","targetHints":{"allow":["GET"]}}],"collection":[{"href":"https:\/\/tratnjek.si\/de\/wp-json\/wp\/v2\/product"}],"about":[{"href":"https:\/\/tratnjek.si\/de\/wp-json\/wp\/v2\/types\/product"}],"wp:featuredmedia":[{"embeddable":true,"href":"https:\/\/tratnjek.si\/de\/wp-json\/wp\/v2\/media\/8633"}],"wp:attachment":[{"href":"https:\/\/tratnjek.si\/de\/wp-json\/wp\/v2\/media?parent=7280"}],"wp:term":[{"taxonomy":"product_cat","embeddable":true,"href":"https:\/\/tratnjek.si\/de\/wp-json\/wp\/v2\/product_cat?post=7280"},{"taxonomy":"product_tag","embeddable":true,"href":"https:\/\/tratnjek.si\/de\/wp-json\/wp\/v2\/product_tag?post=7280"}],"curies":[{"name":"wp","href":"https:\/\/api.w.org\/{rel}","templated":true}]}}