{"id":7282,"date":"2022-08-02T10:18:33","date_gmt":"2022-08-02T10:18:33","guid":{"rendered":"https:\/\/tratnjek.si\/izdelek\/notranja-enota-samsung-windfree-elite-350-kw"},"modified":"2025-05-21T08:35:17","modified_gmt":"2025-05-21T06:35:17","slug":"notranja-enota-samsung-windfree-elite-350-kw","status":"publish","type":"product","link":"https:\/\/tratnjek.si\/de\/produkt\/innengerat-samsung-windfree-elite-350-kw\/","title":{"rendered":"Samsung WindFree\u2122 Elite 3,50 kW Innenger\u00e4t"},"content":{"rendered":"","protected":false},"excerpt":{"rendered":"<p><strong>Samsung AR12CXCAAWKN\/EU<\/strong><\/p>\n<p class=\"\"><strong>Dreistufige K\u00fchlung: Schnellk\u00fchlmodus, Entfeuchtungsmodus und windfreier K\u00fchlmodus (Wind-Free\u2122).<\/strong><br \/>\n\u2013 WLAN-Steuerung mit Samsung SmartThings und Bixby-Sprachsteuerung<br \/>\n\u2013 Tri-Care-Filter<\/p>\n<p>\u2013 Easy Plus Filter<\/p>\n<p>\u2013 Ausgestattet mit NASA-Kommunikationsprotokoll<\/p>\n<p>\u2013 Einfache Installation und Wartung<\/p>\n<p>\u2013 Dreifachschutz Protector Plus zum Schutz von Kompressor, Router und Controller vor Spannungsspitzen<br \/>\n\u2013 Leiser Betrieb bis zu 16 dBa<\/p>","protected":false},"featured_media":8633,"template":"","meta":{"_acf_changed":false},"product_cat":[62,65,213,66,105,67,106],"product_tag":[975,958],"class_list":{"0":"post-7282","1":"product","2":"type-product","3":"status-publish","4":"has-post-thumbnail","6":"product_cat-klimatske-naprave","7":"product_cat-klimatske-naprave-za-stanovanje","8":"product_cat-fjm-multi-sistemi-samsung","9":"product_cat-klimatske-naprave-za-poslovne-prostore","10":"product_cat-fjm-multi-sistemi","11":"product_cat-industrijske-klimatske-naprave-samsung","12":"product_cat-fjm-multi-sistemi-2","13":"product_tag-3-50-kw","14":"product_tag-tiho-delovanje-16-dba","15":"pa_al-auto-comfort-prek-wi-fi-da","16":"pa_dimenzije-sxvxg-889x299x215-mm","17":"pa_grelna-moc-400-kw","18":"pa_hitro-hlajenje-da","19":"pa_hladilna-moc-350-kw","20":"pa_jakost-zvoka-hlajenje-58-db-a","21":"pa_masa-103-kg","22":"pa_plinska-cev-3-8","23":"pa_samodejni-ponovni-zagon-da","24":"pa_tekocinska-cev-1-4","25":"pa_zvocni-tlak-h-l-40-16-db-a","27":"first","28":"instock","29":"sale","30":"taxable","31":"shipping-taxable","32":"purchasable","33":"product-type-simple"},"acf":[],"_links":{"self":[{"href":"https:\/\/tratnjek.si\/de\/wp-json\/wp\/v2\/product\/7282","targetHints":{"allow":["GET"]}}],"collection":[{"href":"https:\/\/tratnjek.si\/de\/wp-json\/wp\/v2\/product"}],"about":[{"href":"https:\/\/tratnjek.si\/de\/wp-json\/wp\/v2\/types\/product"}],"wp:featuredmedia":[{"embeddable":true,"href":"https:\/\/tratnjek.si\/de\/wp-json\/wp\/v2\/media\/8633"}],"wp:attachment":[{"href":"https:\/\/tratnjek.si\/de\/wp-json\/wp\/v2\/media?parent=7282"}],"wp:term":[{"taxonomy":"product_cat","embeddable":true,"href":"https:\/\/tratnjek.si\/de\/wp-json\/wp\/v2\/product_cat?post=7282"},{"taxonomy":"product_tag","embeddable":true,"href":"https:\/\/tratnjek.si\/de\/wp-json\/wp\/v2\/product_tag?post=7282"}],"curies":[{"name":"wp","href":"https:\/\/api.w.org\/{rel}","templated":true}]}}