{"id":8267,"date":"2022-08-02T11:17:00","date_gmt":"2022-08-02T11:17:00","guid":{"rendered":"https:\/\/tratnjek.si\/izdelek\/360-okrogla-kasetna-enota-samsung-1000-kw"},"modified":"2025-05-21T09:37:00","modified_gmt":"2025-05-21T07:37:00","slug":"360-okrogla-kasetna-enota-samsung-1000-kw","status":"publish","type":"product","link":"https:\/\/tratnjek.si\/de\/produkt\/360-rundkassettengerat-samsung-1000-kw\/","title":{"rendered":"360\u00b0 Rundkassettenger\u00e4t Samsung 10,00 kW"},"content":{"rendered":"","protected":false},"excerpt":{"rendered":"<p><strong>Samsung AC100RN4PKG\/EU \u2013 AC100RXADNG\/EU<\/strong><\/p>\n<p class=\"\"><strong>360\u00b0-Lufteinlass.<\/strong><br \/>\n\u2013 Klappenfreies Entleeren dank drei kleiner<br \/>\nBooster-L\u00fcfter<\/p>\n<p>\u2013 Eingebaute Kondensatablasspumpe (750 mm<br \/>\nH2O)<\/p>\n<p>\u2013 Um den Filterwechsel zu erleichtern, werden diese automatisch<br \/>\nabgesenkt, damit die Filter gereinigt werden k\u00f6nnen \u2013 f\u00fcr H\u00f6hen<br \/>\n4,6 m (12,8 \/ 14,0 kW), 3,9 m (11,2 kW), 3,5 m (4,5<br \/>\n~ 9,0 kW)<\/p>\n<p>\u2013 SPi-Ionisator (optional)<br \/>\n\u2013 Runde oder quadratische Kassette, Druckoption<br \/>\nIhr Logo auf dem gesamten Ger\u00e4t<br \/>\n\u2013 Patentierter Luftauslass eines st\u00e4rkeren und<br \/>\ndrei kleinere L\u00fcfter erm\u00f6glichen die Erweiterung<br \/>\nLuft ohne K\u00e4ltezonen. Da das Ger\u00e4t nicht \u00fcber<br \/>\nRouter, die Luftverteilung ist umfassender und<br \/>\nerreicht gr\u00f6\u00dfere Entfernungen.<\/p>","protected":false},"featured_media":8661,"template":"","meta":{"_acf_changed":false},"product_cat":[66,214,67,107],"product_tag":[984,986],"class_list":{"0":"post-8267","1":"product","2":"type-product","3":"status-publish","4":"has-post-thumbnail","6":"product_cat-klimatske-naprave-za-poslovne-prostore","7":"product_cat-cac-2","8":"product_cat-industrijske-klimatske-naprave-samsung","9":"product_cat-cac","10":"product_tag-10-00-kw","11":"product_tag-360-okrogla-kasetna-enota","12":"pa_dimenzije-notranje-enote-947-x-365-x-947-mm","13":"pa_dimenzije-zunanje-enote-940-x-998-x-330-mm","14":"pa_grelna-moc-1120-kw","15":"pa_hladilna-moc-1000-kw","16":"pa_jakost-zvoka-hlajenje-61-db-a","17":"pa_neto-masa-notranje-enote-235-kg","18":"pa_neto-masa-zunanje-enote-750-kg","19":"pa_razpon-temp-pri-hlajenju-1550-c","20":"pa_razpon-temp-pri-ogrevanju-200240-c","21":"pa_scop-w-w-4-3-a","22":"pa_seer-w-w-6-8-a","23":"pa_zvocni-tlak-v-s-n-44-39-33-db-a","25":"first","26":"instock","27":"sale","28":"taxable","29":"shipping-taxable","30":"purchasable","31":"product-type-simple"},"acf":[],"_links":{"self":[{"href":"https:\/\/tratnjek.si\/de\/wp-json\/wp\/v2\/product\/8267","targetHints":{"allow":["GET"]}}],"collection":[{"href":"https:\/\/tratnjek.si\/de\/wp-json\/wp\/v2\/product"}],"about":[{"href":"https:\/\/tratnjek.si\/de\/wp-json\/wp\/v2\/types\/product"}],"wp:featuredmedia":[{"embeddable":true,"href":"https:\/\/tratnjek.si\/de\/wp-json\/wp\/v2\/media\/8661"}],"wp:attachment":[{"href":"https:\/\/tratnjek.si\/de\/wp-json\/wp\/v2\/media?parent=8267"}],"wp:term":[{"taxonomy":"product_cat","embeddable":true,"href":"https:\/\/tratnjek.si\/de\/wp-json\/wp\/v2\/product_cat?post=8267"},{"taxonomy":"product_tag","embeddable":true,"href":"https:\/\/tratnjek.si\/de\/wp-json\/wp\/v2\/product_tag?post=8267"}],"curies":[{"name":"wp","href":"https:\/\/api.w.org\/{rel}","templated":true}]}}