{"id":9672,"date":"2022-10-23T19:47:16","date_gmt":"2022-10-23T19:47:16","guid":{"rendered":"https:\/\/tratnjek.si\/?post_type=product&#038;p=9672"},"modified":"2025-03-06T09:08:22","modified_gmt":"2025-03-06T08:08:22","slug":"toplotna-crpalka-ehs-mono-htln-quiet-samsung-12kw","status":"publish","type":"product","link":"https:\/\/tratnjek.si\/de\/produkt\/warmepumpe-ehs-mono-htln-leise-samsung-12kw\/","title":{"rendered":"W\u00e4rmepumpe EHS Mono HTLN Quiet Samsung 12 kW"},"content":{"rendered":"<h1><strong><span class=\"JsGRdQ\">Samsung EHS Mono HTLN Leise W\u00e4rmepumpe<\/span><\/strong><\/h1>\n<p>Monoblock, Inverter-Au\u00dfenger\u00e4t, Luft-Wasser-System<\/p>\n<blockquote><p><span class=\"JsGRdQ\">Samsung stellt eine revolution\u00e4re W\u00e4rmepumpe vor, die nahezu ger\u00e4uschlos arbeitet. Durch den neuen \u201eScroll\u201c-Kompressor und die Gas <strong>R32 bei -25 \u00b0C<\/strong> Au\u00dfentemperaturbereich <strong>Heizungswasser 70\u00b0C<\/strong> und dies ohne den Einsatz von Heizger\u00e4ten. Im gesamten Arbeitsbereich <strong>zwischen +10 und -15\u00b0C<\/strong> Die Nennleistung bleibt unabh\u00e4ngig von der Au\u00dfentemperatur konstant. Dar\u00fcber hinaus bestechen sie durch ihr edles Design und Erscheinungsbild. Dank seines modernen schwarzen Designs ist der neue Samsung Monobloc zu einer der begehrtesten W\u00e4rmepumpen auf dem Markt geworden.<\/span><\/p><\/blockquote>\n<h1><strong>8 Vorteile der Samsung EHS Mono HT Quiet W\u00e4rmepumpe:<\/strong><\/h1>\n<ul>\n<li><span class=\"JsGRdQ\">Leise W\u00e4rmepumpe von <strong>35 dBA<\/strong> bei 3m.<\/span><\/li>\n<li><span class=\"JsGRdQ\">Nennleistung<\/span> <span class=\"JsGRdQ\">Zu <strong>-15 \u00b0C<\/strong>.<\/span><\/li>\n<li><span class=\"JsGRdQ\">Bei <strong>-15 \u00b0C<\/strong> Au\u00dfentemperatur, ohne Herdheizungen <strong>70\u00b0C<\/strong>.<\/span><\/li>\n<li><span class=\"JsGRdQ\">Bei <strong>-25 \u00b0C<\/strong> Au\u00dfentemperatur,<\/span> <span class=\"JsGRdQ\">ohne Heizstrahler <strong>60\u00b0C<\/strong>.<\/span><\/li>\n<li><span class=\"JsGRdQ\">Funktioniert bis <strong>-30 \u00b0C<\/strong>.<\/span><\/li>\n<li><span class=\"JsGRdQ\">Befugnisse <strong>8,12 und 14 kW<\/strong>.<\/span><\/li>\n<li><span class=\"JsGRdQ\"><strong>5 Jahre Garantie<\/strong>.<\/span><\/li>\n<li><span class=\"JsGRdQ\">Es kann unabh\u00e4ngig oder mit einer Inneneinheit installiert werden.<\/span><\/li>\n<\/ul>\n<p>Modell der Au\u00dfeneinheit: <span class=\"JsGRdQ\">AE120BXYDGG\/EU<\/span><\/p>\n<p><iframe title=\"Neue W\u00e4rmepumpe 2022 Samsung EHS Mono HT Quiet\" width=\"800\" height=\"450\" src=\"https:\/\/www.youtube.com\/embed\/jUG7KQcB34c?feature=oembed\" frameborder=\"0\" allow=\"accelerometer; autoplay; clipboard-write; encrypted-media; gyroscope; picture-in-picture; web-share\" referrerpolicy=\"strict-origin-when-cross-origin\" allowfullscreen><\/iframe><\/p>","protected":false},"excerpt":{"rendered":"<p><strong>Samsung AE120BXYDGG\/EU<\/strong><\/p>\n<p><strong>8 Vorteile der Samsung EHS Mono HT Quiet W\u00e4rmepumpe:<\/strong><\/p>\n<ul>\n<li><span class=\"JsGRdQ\">Leiser Betrieb von <strong>35 dBA<\/strong> 3 m voraus.<\/span><\/li>\n<li><span class=\"JsGRdQ\">Nennleistung<\/span> <span class=\"JsGRdQ\">Zu <strong>-15 \u00b0C<\/strong>.<\/span><\/li>\n<li><span class=\"JsGRdQ\">Bei <strong>-15 \u00b0C<\/strong> Au\u00dfentemperatur, ohne Herdheizungen <strong>70\u00b0C<\/strong>.<\/span><\/li>\n<li><span class=\"JsGRdQ\">Bei <strong>-25 \u00b0C<\/strong> Au\u00dfentemperatur,<\/span> <span class=\"JsGRdQ\">ohne Heizstrahler <strong>60\u00b0C<\/strong>.<\/span><\/li>\n<li><span class=\"JsGRdQ\">Funktioniert bis <strong>-30 \u00b0C<\/strong>.<\/span><\/li>\n<li><span class=\"JsGRdQ\">Befugnisse <strong>8,12 und 14 kW<\/strong>.<\/span><\/li>\n<li><span class=\"JsGRdQ\"><strong>5 Jahre Garantie<\/strong>.<\/span><\/li>\n<li><span class=\"JsGRdQ\">Es kann unabh\u00e4ngig oder mit einer Inneneinheit installiert werden.<\/span><\/li>\n<\/ul>","protected":false},"featured_media":9667,"template":"","meta":{"_acf_changed":false},"product_cat":[63],"product_tag":[1053,1044,1043,1042,1045,1041],"class_list":{"0":"post-9672","1":"product","2":"type-product","3":"status-publish","4":"has-post-thumbnail","6":"product_cat-toplotne-crpalke","7":"product_tag-12-kw","8":"product_tag-5-let-garancije","9":"product_tag-delovanje-do-30-c","10":"product_tag-delovni-plin-r32","11":"product_tag-tiho-delovanje-35dba","12":"product_tag-voda-do-70-c","13":"pa_dimenzije-sxvxg-1270-x-1018-x-530-mm","14":"pa_energijski-razred-a-a","15":"pa_grelna-moc-12-kw","16":"pa_hladilno-sredstvo-r32","17":"pa_napajanje-400v-3f","18":"pa_obmocje-delovanja-do-30c","19":"pa_scop-1049","21":"first","22":"instock","23":"sale","24":"taxable","25":"shipping-taxable","26":"purchasable","27":"product-type-simple"},"acf":[],"_links":{"self":[{"href":"https:\/\/tratnjek.si\/de\/wp-json\/wp\/v2\/product\/9672","targetHints":{"allow":["GET"]}}],"collection":[{"href":"https:\/\/tratnjek.si\/de\/wp-json\/wp\/v2\/product"}],"about":[{"href":"https:\/\/tratnjek.si\/de\/wp-json\/wp\/v2\/types\/product"}],"wp:featuredmedia":[{"embeddable":true,"href":"https:\/\/tratnjek.si\/de\/wp-json\/wp\/v2\/media\/9667"}],"wp:attachment":[{"href":"https:\/\/tratnjek.si\/de\/wp-json\/wp\/v2\/media?parent=9672"}],"wp:term":[{"taxonomy":"product_cat","embeddable":true,"href":"https:\/\/tratnjek.si\/de\/wp-json\/wp\/v2\/product_cat?post=9672"},{"taxonomy":"product_tag","embeddable":true,"href":"https:\/\/tratnjek.si\/de\/wp-json\/wp\/v2\/product_tag?post=9672"}],"curies":[{"name":"wp","href":"https:\/\/api.w.org\/{rel}","templated":true}]}}